{"id":302,"date":"2025-07-08T12:29:12","date_gmt":"2025-07-08T12:29:12","guid":{"rendered":"https:\/\/www.vincitaplastik.com\/?page_id=302"},"modified":"2026-04-01T11:04:24","modified_gmt":"2026-04-01T08:04:24","slug":"dozajlama-sistemleri","status":"publish","type":"page","link":"https:\/\/www.vincitaplastik.com\/en\/dozajlama-sistemleri\/","title":{"rendered":"Dosing Systems"},"content":{"rendered":"","protected":false},"excerpt":{"rendered":"","protected":false},"author":1,"featured_media":0,"parent":0,"menu_order":0,"comment_status":"closed","ping_status":"closed","template":"full-width","meta":{"saved_in_kubio":true,"footnotes":""},"class_list":["post-302","page","type-page","status-publish","hentry"],"kubio_ai_page_context":{"short_desc":"","purpose":"general"},"yoast_head":"<!-- This site is optimized with the Yoast SEO plugin v27.2 - https:\/\/yoast.com\/product\/yoast-seo-wordpress\/ -->\n<title>Dozajlama Sistemleri - Vincita Plastik<\/title>\n<meta name=\"robots\" content=\"index, follow, max-snippet:-1, max-image-preview:large, max-video-preview:-1\" \/>\n<link rel=\"canonical\" href=\"https:\/\/www.vincitaplastik.com\/en\/dozajlama-sistemleri\/\" \/>\n<meta property=\"og:locale\" content=\"en_US\" \/>\n<meta property=\"og:type\" content=\"article\" \/>\n<meta property=\"og:title\" content=\"Dozajlama Sistemleri - Vincita Plastik\" \/>\n<meta property=\"og:url\" content=\"https:\/\/www.vincitaplastik.com\/en\/dozajlama-sistemleri\/\" \/>\n<meta property=\"og:site_name\" content=\"Vincita Plastik\" \/>\n<meta property=\"article:modified_time\" content=\"2026-04-01T08:04:24+00:00\" \/>\n<meta property=\"og:image\" content=\"https:\/\/www.vincitaplastik.com\/wp-content\/uploads\/2025\/07\/vincita-web-bg-Kopya-1024x576.png\" \/>\n\t<meta property=\"og:image:width\" content=\"1024\" \/>\n\t<meta property=\"og:image:height\" content=\"576\" \/>\n\t<meta property=\"og:image:type\" content=\"image\/png\" \/>\n<meta name=\"twitter:card\" content=\"summary_large_image\" \/>\n<meta name=\"twitter:label1\" content=\"Est. reading time\" \/>\n\t<meta name=\"twitter:data1\" content=\"2 minutes\" \/>\n<script type=\"application\/ld+json\" class=\"yoast-schema-graph\">{\"@context\":\"https:\/\/schema.org\",\"@graph\":[{\"@type\":\"WebPage\",\"@id\":\"https:\/\/www.vincitaplastik.com\/dozajlama-sistemleri\/\",\"url\":\"https:\/\/www.vincitaplastik.com\/dozajlama-sistemleri\/\",\"name\":\"Dozajlama Sistemleri - Vincita Plastik\",\"isPartOf\":{\"@id\":\"https:\/\/www.vincitaplastik.com\/#website\"},\"datePublished\":\"2025-07-08T12:29:12+00:00\",\"dateModified\":\"2026-04-01T08:04:24+00:00\",\"breadcrumb\":{\"@id\":\"https:\/\/www.vincitaplastik.com\/dozajlama-sistemleri\/#breadcrumb\"},\"inLanguage\":\"en-US\",\"potentialAction\":[{\"@type\":\"ReadAction\",\"target\":[\"https:\/\/www.vincitaplastik.com\/dozajlama-sistemleri\/\"]}]},{\"@type\":\"BreadcrumbList\",\"@id\":\"https:\/\/www.vincitaplastik.com\/dozajlama-sistemleri\/#breadcrumb\",\"itemListElement\":[{\"@type\":\"ListItem\",\"position\":1,\"name\":\"Anasayfa\",\"item\":\"https:\/\/www.vincitaplastik.com\/\"},{\"@type\":\"ListItem\",\"position\":2,\"name\":\"Dozajlama Sistemleri\"}]},{\"@type\":\"WebSite\",\"@id\":\"https:\/\/www.vincitaplastik.com\/#website\",\"url\":\"https:\/\/www.vincitaplastik.com\/\",\"name\":\"Vincita Plastik\",\"description\":\"Vincita Plastik Makineleri San. ve Tic. Ltd. \u015eti.\",\"publisher\":{\"@id\":\"https:\/\/www.vincitaplastik.com\/#organization\"},\"potentialAction\":[{\"@type\":\"SearchAction\",\"target\":{\"@type\":\"EntryPoint\",\"urlTemplate\":\"https:\/\/www.vincitaplastik.com\/?s={search_term_string}\"},\"query-input\":{\"@type\":\"PropertyValueSpecification\",\"valueRequired\":true,\"valueName\":\"search_term_string\"}}],\"inLanguage\":\"en-US\"},{\"@type\":\"Organization\",\"@id\":\"https:\/\/www.vincitaplastik.com\/#organization\",\"name\":\"V\u0130NC\u0130TA PLAST\u0130K MAK\u0130NALARI SAN. ve T\u0130C. LTD. \u015eT\u0130\",\"alternateName\":\"Vincita Plastik\",\"url\":\"https:\/\/www.vincitaplastik.com\/\",\"logo\":{\"@type\":\"ImageObject\",\"inLanguage\":\"en-US\",\"@id\":\"https:\/\/www.vincitaplastik.com\/#\/schema\/logo\/image\/\",\"url\":\"https:\/\/www.vincitaplastik.com\/wp-content\/uploads\/2025\/07\/vincita-logo-01.jpg\",\"contentUrl\":\"https:\/\/www.vincitaplastik.com\/wp-content\/uploads\/2025\/07\/vincita-logo-01.jpg\",\"width\":512,\"height\":512,\"caption\":\"V\u0130NC\u0130TA PLAST\u0130K MAK\u0130NALARI SAN. ve T\u0130C. LTD. \u015eT\u0130\"},\"image\":{\"@id\":\"https:\/\/www.vincitaplastik.com\/#\/schema\/logo\/image\/\"}}]}<\/script>\n<!-- \/ Yoast SEO plugin. -->","yoast_head_json":{"title":"Dozajlama Sistemleri - Vincita Plastik","robots":{"index":"index","follow":"follow","max-snippet":"max-snippet:-1","max-image-preview":"max-image-preview:large","max-video-preview":"max-video-preview:-1"},"canonical":"https:\/\/www.vincitaplastik.com\/en\/dozajlama-sistemleri\/","og_locale":"en_US","og_type":"article","og_title":"Dozajlama Sistemleri - Vincita Plastik","og_url":"https:\/\/www.vincitaplastik.com\/en\/dozajlama-sistemleri\/","og_site_name":"Vincita Plastik","article_modified_time":"2026-04-01T08:04:24+00:00","og_image":[{"width":1024,"height":576,"url":"https:\/\/www.vincitaplastik.com\/wp-content\/uploads\/2025\/07\/vincita-web-bg-Kopya-1024x576.png","type":"image\/png"}],"twitter_card":"summary_large_image","twitter_misc":{"Est. reading time":"2 minutes"},"schema":{"@context":"https:\/\/schema.org","@graph":[{"@type":"WebPage","@id":"https:\/\/www.vincitaplastik.com\/dozajlama-sistemleri\/","url":"https:\/\/www.vincitaplastik.com\/dozajlama-sistemleri\/","name":"Dozajlama Sistemleri - Vincita Plastik","isPartOf":{"@id":"https:\/\/www.vincitaplastik.com\/#website"},"datePublished":"2025-07-08T12:29:12+00:00","dateModified":"2026-04-01T08:04:24+00:00","breadcrumb":{"@id":"https:\/\/www.vincitaplastik.com\/dozajlama-sistemleri\/#breadcrumb"},"inLanguage":"en-US","potentialAction":[{"@type":"ReadAction","target":["https:\/\/www.vincitaplastik.com\/dozajlama-sistemleri\/"]}]},{"@type":"BreadcrumbList","@id":"https:\/\/www.vincitaplastik.com\/dozajlama-sistemleri\/#breadcrumb","itemListElement":[{"@type":"ListItem","position":1,"name":"Anasayfa","item":"https:\/\/www.vincitaplastik.com\/"},{"@type":"ListItem","position":2,"name":"Dozajlama Sistemleri"}]},{"@type":"WebSite","@id":"https:\/\/www.vincitaplastik.com\/#website","url":"https:\/\/www.vincitaplastik.com\/","name":"Vincita Plastik","description":"Vincita Plastik Makineleri San. ve Tic. Ltd. \u015eti.","publisher":{"@id":"https:\/\/www.vincitaplastik.com\/#organization"},"potentialAction":[{"@type":"SearchAction","target":{"@type":"EntryPoint","urlTemplate":"https:\/\/www.vincitaplastik.com\/?s={search_term_string}"},"query-input":{"@type":"PropertyValueSpecification","valueRequired":true,"valueName":"search_term_string"}}],"inLanguage":"en-US"},{"@type":"Organization","@id":"https:\/\/www.vincitaplastik.com\/#organization","name":"V\u0130NC\u0130TA PLAST\u0130K MAK\u0130NALARI SAN. ve T\u0130C. LTD. \u015eT\u0130","alternateName":"Vincita Plastik","url":"https:\/\/www.vincitaplastik.com\/","logo":{"@type":"ImageObject","inLanguage":"en-US","@id":"https:\/\/www.vincitaplastik.com\/#\/schema\/logo\/image\/","url":"https:\/\/www.vincitaplastik.com\/wp-content\/uploads\/2025\/07\/vincita-logo-01.jpg","contentUrl":"https:\/\/www.vincitaplastik.com\/wp-content\/uploads\/2025\/07\/vincita-logo-01.jpg","width":512,"height":512,"caption":"V\u0130NC\u0130TA PLAST\u0130K MAK\u0130NALARI SAN. ve T\u0130C. LTD. \u015eT\u0130"},"image":{"@id":"https:\/\/www.vincitaplastik.com\/#\/schema\/logo\/image\/"}}]}},"_links":{"self":[{"href":"https:\/\/www.vincitaplastik.com\/en\/wp-json\/wp\/v2\/pages\/302","targetHints":{"allow":["GET"]}}],"collection":[{"href":"https:\/\/www.vincitaplastik.com\/en\/wp-json\/wp\/v2\/pages"}],"about":[{"href":"https:\/\/www.vincitaplastik.com\/en\/wp-json\/wp\/v2\/types\/page"}],"author":[{"embeddable":true,"href":"https:\/\/www.vincitaplastik.com\/en\/wp-json\/wp\/v2\/users\/1"}],"replies":[{"embeddable":true,"href":"https:\/\/www.vincitaplastik.com\/en\/wp-json\/wp\/v2\/comments?post=302"}],"version-history":[{"count":40,"href":"https:\/\/www.vincitaplastik.com\/en\/wp-json\/wp\/v2\/pages\/302\/revisions"}],"predecessor-version":[{"id":1516,"href":"https:\/\/www.vincitaplastik.com\/en\/wp-json\/wp\/v2\/pages\/302\/revisions\/1516"}],"wp:attachment":[{"href":"https:\/\/www.vincitaplastik.com\/en\/wp-json\/wp\/v2\/media?parent=302"}],"curies":[{"name":"wp","href":"https:\/\/api.w.org\/{rel}","templated":true}]}}